{"id":23,"date":"2023-07-14T10:41:33","date_gmt":"2023-07-14T10:41:33","guid":{"rendered":"https:\/\/nobus.com.do\/?page_id=23"},"modified":"2023-07-14T10:41:47","modified_gmt":"2023-07-14T10:41:47","slug":"politica-de-privacidad","status":"publish","type":"page","link":"https:\/\/nobus.com.do\/?page_id=23","title":{"rendered":"Pol\u00edtica de privacidad"},"content":{"rendered":"\n<p>POL\u00cdTICA DE PRIVACIDAD Y USO DE DATOS PERSONALES<\/p>\n\n\n\n<p>Al obtener acceso al sitio web CORTES\u00cdAS DEL CARIBE SRL como<a href=\"http:\/\/www.nobus.com.do\/\"> www.nobus.com.do<\/a>. el usuario manifiesta su consentimiento con el tratamiento de los datos a que se refiere esta declaraci\u00f3n de privacidad.<\/p>\n\n\n\n<p>CORTES\u00cdAS DEL CARIBE SRL hace constar que su informaci\u00f3n personal ser\u00e1 mantenida en confidencialidad y que usted est\u00e1 de acuerdo con el manejo de la misma.<\/p>\n\n\n\n<p>USO DE INFORMACI\u00d3N PERSONAL<\/p>\n\n\n\n<p>La informaci\u00f3n personal recopilada por CORTES\u00cdAS DEL CARIBE SRL ser\u00e1 administrada y utilizada para restar enviar a los usuarios informaci\u00f3n de la compa\u00f1\u00eda, como productos, promociones o informaci\u00f3n de inter\u00e9s.<\/p>\n\n\n\n<p>CORTES\u00cdAS DEL CARIBE SRL no podr\u00e1 enajenar ni arrendar a terceros su relaci\u00f3n de usuarios y por ning\u00fan motivo ser\u00e1 exclusivamente en los siguientes casos: En cumplimiento de alguna orden emitida por autoridad judicial competente o cuando ella sea indispensable para proteger y defender los derechos de propiedad intelectual de la compa\u00f1\u00eda CORTES\u00cdAS DEL CARIBE.<\/p>\n\n\n\n<p>COMUNICACI\u00d3N POR CORREO ELECTRONICO<\/p>\n\n\n\n<p>CORTES\u00cdAS DEL CARIBE SRL a trav\u00e9s de su sitio web, no env\u00eda mensajes de correo electr\u00f3nico que no hayan sido solicitados por usted, pero s\u00ed enviamos comunicaciones por correo electr\u00f3nico a nuestros usuarios en relaci\u00f3n con nuestra prestaci\u00f3n de servicios ofrecidos en el sitio web.<a href=\"http:\/\/www.nobus.com.do\/\"> www.nobus.com.do<\/a>.<\/p>\n\n\n\n<p>A continuaci\u00f3n, se describen los tipos de mensajes de correo electr\u00f3nico que enviamos: mensajes necesarios para completar requerimiento o solicitudes de informaci\u00f3n o mensajes donde entregamos informaci\u00f3n del sector, a trav\u00e9s de infograf\u00edas, videos o newsletter.<\/p>\n\n\n\n<p>Si tiene alguna pregunta o inquietud acerca de nuestra Pol\u00edtica o de nuestra utilizaci\u00f3n de la informaci\u00f3n, o si quiere ejercitar sus derechos de acceso, rectificaci\u00f3n, cancelaci\u00f3n u oposici\u00f3n, env\u00edenos un mensaje de correo electr\u00f3nico a administracion@nobus.com.do.<\/p>\n","protected":false},"excerpt":{"rendered":"<p>POL\u00cdTICA DE PRIVACIDAD Y USO DE DATOS PERSONALES Al obtener acceso al sitio web CORTES\u00cdAS DEL CARIBE SRL como www.nobus.com.do. el usuario manifiesta su consentimiento con el tratamiento de los datos a que se refiere esta declaraci\u00f3n de privacidad. CORTES\u00cdAS DEL CARIBE SRL hace constar que su informaci\u00f3n personal ser\u00e1 mantenida en confidencialidad y que usted est\u00e1 de acuerdo con el manejo de la misma. USO DE INFORMACI\u00d3N PERSONAL La informaci\u00f3n personal recopilada por CORTES\u00cdAS DEL CARIBE SRL ser\u00e1 administrada y utilizada para restar enviar a los usuarios informaci\u00f3n de la compa\u00f1\u00eda, como productos, promociones o informaci\u00f3n de inter\u00e9s. CORTES\u00cdAS<\/p>\n","protected":false},"author":1,"featured_media":0,"parent":0,"menu_order":0,"comment_status":"closed","ping_status":"closed","template":"","meta":{"om_disable_all_campaigns":false,"_mi_skip_tracking":false,"_monsterinsights_sitenote_active":false,"_monsterinsights_sitenote_note":"","_monsterinsights_sitenote_category":0},"aioseo_notices":[],"_links":{"self":[{"href":"https:\/\/nobus.com.do\/index.php?rest_route=\/wp\/v2\/pages\/23"}],"collection":[{"href":"https:\/\/nobus.com.do\/index.php?rest_route=\/wp\/v2\/pages"}],"about":[{"href":"https:\/\/nobus.com.do\/index.php?rest_route=\/wp\/v2\/types\/page"}],"author":[{"embeddable":true,"href":"https:\/\/nobus.com.do\/index.php?rest_route=\/wp\/v2\/users\/1"}],"replies":[{"embeddable":true,"href":"https:\/\/nobus.com.do\/index.php?rest_route=%2Fwp%2Fv2%2Fcomments&post=23"}],"version-history":[{"count":2,"href":"https:\/\/nobus.com.do\/index.php?rest_route=\/wp\/v2\/pages\/23\/revisions"}],"predecessor-version":[{"id":25,"href":"https:\/\/nobus.com.do\/index.php?rest_route=\/wp\/v2\/pages\/23\/revisions\/25"}],"wp:attachment":[{"href":"https:\/\/nobus.com.do\/index.php?rest_route=%2Fwp%2Fv2%2Fmedia&parent=23"}],"curies":[{"name":"wp","href":"https:\/\/api.w.org\/{rel}","templated":true}]}}